{"id":32,"date":"2023-02-11T21:27:09","date_gmt":"2023-02-11T21:27:09","guid":{"rendered":"https:\/\/lampasdoo.com\/?page_id=32"},"modified":"2023-06-16T17:18:41","modified_gmt":"2023-06-16T15:18:41","slug":"home","status":"publish","type":"page","link":"https:\/\/lampasdoo.com\/","title":{"rendered":"Sistemi vodenja, poslovno svetovanje, usposabljanje"},"content":{"rendered":"\n<p>So vam sistemi vodenja neznanka, potrebujete nasvete v poslovanju, opredeljevanju procesov, obvladovanju tveganj ? \u017delite izbolj\u0161ati kompetence?<\/p>\n\n\n\n<p>Dobrodo\u0161li na strani podjetja Lampas d.o.o.<\/p>\n","protected":false},"excerpt":{"rendered":"<p>So vam sistemi vodenja neznanka, potrebujete nasvete v poslovanju, opredeljevanju procesov, obvladovanju tveganj ? \u017delite izbolj\u0161ati kompetence? Dobrodo\u0161li na strani podjetja Lampas d.o.o.<\/p>\n","protected":false},"author":1,"featured_media":110,"parent":0,"menu_order":0,"comment_status":"closed","ping_status":"closed","template":"","meta":{"footnotes":""},"class_list":["post-32","page","type-page","status-publish","has-post-thumbnail","hentry"],"_links":{"self":[{"href":"https:\/\/lampasdoo.com\/index.php\/wp-json\/wp\/v2\/pages\/32","targetHints":{"allow":["GET"]}}],"collection":[{"href":"https:\/\/lampasdoo.com\/index.php\/wp-json\/wp\/v2\/pages"}],"about":[{"href":"https:\/\/lampasdoo.com\/index.php\/wp-json\/wp\/v2\/types\/page"}],"author":[{"embeddable":true,"href":"https:\/\/lampasdoo.com\/index.php\/wp-json\/wp\/v2\/users\/1"}],"replies":[{"embeddable":true,"href":"https:\/\/lampasdoo.com\/index.php\/wp-json\/wp\/v2\/comments?post=32"}],"version-history":[{"count":6,"href":"https:\/\/lampasdoo.com\/index.php\/wp-json\/wp\/v2\/pages\/32\/revisions"}],"predecessor-version":[{"id":231,"href":"https:\/\/lampasdoo.com\/index.php\/wp-json\/wp\/v2\/pages\/32\/revisions\/231"}],"wp:featuredmedia":[{"embeddable":true,"href":"https:\/\/lampasdoo.com\/index.php\/wp-json\/wp\/v2\/media\/110"}],"wp:attachment":[{"href":"https:\/\/lampasdoo.com\/index.php\/wp-json\/wp\/v2\/media?parent=32"}],"curies":[{"name":"wp","href":"https:\/\/api.w.org\/{rel}","templated":true}]}}