{"id":33,"date":"2023-02-11T21:27:12","date_gmt":"2023-02-11T21:27:12","guid":{"rendered":"https:\/\/lampasdoo.com\/?page_id=33"},"modified":"2025-01-12T14:11:20","modified_gmt":"2025-01-12T12:11:20","slug":"about","status":"publish","type":"page","link":"https:\/\/lampasdoo.com\/index.php\/about\/","title":{"rendered":"O meni"},"content":{"rendered":"<div class=\"wp-block-image move-in-left\">\n<figure class=\"alignright size-medium\"><img decoding=\"async\" width=\"200\" height=\"300\" src=\"https:\/\/lampasdoo.com\/wp-content\/uploads\/2023\/02\/untitled-185-1-200x300.jpg\" alt=\"\" class=\"wp-image-198\" srcset=\"https:\/\/lampasdoo.com\/wp-content\/uploads\/2023\/02\/untitled-185-1-200x300.jpg 200w, https:\/\/lampasdoo.com\/wp-content\/uploads\/2023\/02\/untitled-185-1-683x1024.jpg 683w, https:\/\/lampasdoo.com\/wp-content\/uploads\/2023\/02\/untitled-185-1-768x1152.jpg 768w, https:\/\/lampasdoo.com\/wp-content\/uploads\/2023\/02\/untitled-185-1-1024x1536.jpg 1024w, https:\/\/lampasdoo.com\/wp-content\/uploads\/2023\/02\/untitled-185-1-1365x2048.jpg 1365w, https:\/\/lampasdoo.com\/wp-content\/uploads\/2023\/02\/untitled-185-1-scaled.jpg 1706w\" sizes=\"(max-width: 200px) 100vw, 200px\" \/><figcaption class=\"wp-element-caption\">Miran Ga\u0161per<\/figcaption><\/figure><\/div>\n\n\n<p><\/p>\n\n\n\n<p><\/p>\n\n\n\n<p><\/p>\n\n\n\n<p><\/p>\n\n\n\n<p class=\"move-in-right\">Ve\u010d kot 30 let izku\u0161enj na podro\u010dju svetovanja in presojanja sistemov vodenja ter obvladovanja tveganj in procesnega vodenja (ISO 9001, ISO 14001, ISO 45001, NATO AQAP, ISO 27001, ISO 50001, integrirani sistemi) v razli\u010dnih dejavnostih, tako zasebnih, kot javnih. Vodilni presojevalec pri Bureau Veritas, IRCA certificiran tutor za usposabljanje vodilnih presojevalcev.<\/p>\n\n\n\n<p><\/p>\n","protected":false},"excerpt":{"rendered":"<p>Ve\u010d kot 30 let izku\u0161enj na podro\u010dju svetovanja in presojanja sistemov vodenja ter obvladovanja tveganj in procesnega vodenja (ISO 9001, ISO 14001, ISO 45001, NATO AQAP, ISO 27001, ISO 50001, integrirani sistemi) v razli\u010dnih dejavnostih, tako zasebnih, kot javnih. Vodilni presojevalec pri Bureau Veritas, IRCA certificiran tutor za usposabljanje vodilnih presojevalcev.<\/p>\n","protected":false},"author":1,"featured_media":113,"parent":0,"menu_order":0,"comment_status":"closed","ping_status":"closed","template":"","meta":{"footnotes":""},"class_list":["post-33","page","type-page","status-publish","has-post-thumbnail","hentry"],"_links":{"self":[{"href":"https:\/\/lampasdoo.com\/index.php\/wp-json\/wp\/v2\/pages\/33","targetHints":{"allow":["GET"]}}],"collection":[{"href":"https:\/\/lampasdoo.com\/index.php\/wp-json\/wp\/v2\/pages"}],"about":[{"href":"https:\/\/lampasdoo.com\/index.php\/wp-json\/wp\/v2\/types\/page"}],"author":[{"embeddable":true,"href":"https:\/\/lampasdoo.com\/index.php\/wp-json\/wp\/v2\/users\/1"}],"replies":[{"embeddable":true,"href":"https:\/\/lampasdoo.com\/index.php\/wp-json\/wp\/v2\/comments?post=33"}],"version-history":[{"count":24,"href":"https:\/\/lampasdoo.com\/index.php\/wp-json\/wp\/v2\/pages\/33\/revisions"}],"predecessor-version":[{"id":286,"href":"https:\/\/lampasdoo.com\/index.php\/wp-json\/wp\/v2\/pages\/33\/revisions\/286"}],"wp:featuredmedia":[{"embeddable":true,"href":"https:\/\/lampasdoo.com\/index.php\/wp-json\/wp\/v2\/media\/113"}],"wp:attachment":[{"href":"https:\/\/lampasdoo.com\/index.php\/wp-json\/wp\/v2\/media?parent=33"}],"curies":[{"name":"wp","href":"https:\/\/api.w.org\/{rel}","templated":true}]}}